{"id":128,"date":"2021-02-19T21:37:54","date_gmt":"2021-02-20T03:37:54","guid":{"rendered":"https:\/\/galeriadevideojuegos.wordpress.com\/?page_id=128"},"modified":"2022-08-20T00:46:00","modified_gmt":"2022-08-20T00:46:00","slug":"porque-una-galeria-de-videojuegos","status":"publish","type":"page","link":"https:\/\/galeriadevideojuegos.com\/","title":{"rendered":"Bienvenido"},"content":{"rendered":"\n<p>Los videojuegos son una parte muy importante de mi vida.<\/p>\n\n\n\n<p>Movido por la curiosidad decid\u00ed hacer una lista con todos los que he terminado y la concentr\u00e9 aqu\u00ed, donde los califico de acuerdo a la impresion que me causaron. Analizo todos los juegos, independientemente de su plataforma, g\u00e9nero o temporalidad.<\/p>\n\n\n\n<p>Mi intenci\u00f3n no es crear una lista definitiva, ya que no pretendo ser una autoridad en el medio, esto es simplemente una manera de compartir aquello que me parece <a href=\"mailto:arq.orlando.franco@gmail.com?bcc orlando@fmtestudio.mx&amp;subject= consulta\">interesante<\/a>. <\/p>\n\n\n\n<p>Este es un trabajo en evoluci\u00f3n permanente, cada t\u00edtulo que concluyo se registrar\u00e1 aqu\u00ed, por lo que la pr\u00f3xima vez que visites podr\u00e1s encontrar nuevos t\u00edtulos.   <\/p>\n\n\n\n<p><strong><em>Gracias por leer y espero disfrutes tu visita<\/em><\/strong><\/p>\n\n\n\n<div class=\"wp-container-1 is-horizontal is-content-justification-center wp-block-buttons\">\n<div class=\"wp-block-button\"><a class=\"wp-block-button__link has-luminous-vivid-amber-background-color has-text-color has-background\" href=\"https:\/\/galeriadevideojuegos.wordpress.com\/galeria\/\" style=\"color:#4147fd\">Visita la galer\u00eda<\/a><\/div>\n<\/div>\n","protected":false},"excerpt":{"rendered":"<p>Como todo gamer disfruto jugar videojuegos, pero algunos t\u00edtulos me han ense\u00f1ado perspectivas valiosas de la vida, temas interesantes e incluso me han permitido hacerme preguntas dif\u00edciles. Es por eso que decid\u00ed crear este espacio en el que encontrar\u00e1s los juegos que he podido concluir calificados de acuerdo a la experiencia que me proporcionaron.<\/p>\n","protected":false},"author":2,"featured_media":0,"parent":0,"menu_order":0,"comment_status":"closed","ping_status":"closed","template":"","meta":[],"aioseo_notices":[],"_links":{"self":[{"href":"https:\/\/galeriadevideojuegos.com\/index.php\/wp-json\/wp\/v2\/pages\/128"}],"collection":[{"href":"https:\/\/galeriadevideojuegos.com\/index.php\/wp-json\/wp\/v2\/pages"}],"about":[{"href":"https:\/\/galeriadevideojuegos.com\/index.php\/wp-json\/wp\/v2\/types\/page"}],"author":[{"embeddable":true,"href":"https:\/\/galeriadevideojuegos.com\/index.php\/wp-json\/wp\/v2\/users\/2"}],"replies":[{"embeddable":true,"href":"https:\/\/galeriadevideojuegos.com\/index.php\/wp-json\/wp\/v2\/comments?post=128"}],"version-history":[{"count":1,"href":"https:\/\/galeriadevideojuegos.com\/index.php\/wp-json\/wp\/v2\/pages\/128\/revisions"}],"predecessor-version":[{"id":1055,"href":"https:\/\/galeriadevideojuegos.com\/index.php\/wp-json\/wp\/v2\/pages\/128\/revisions\/1055"}],"wp:attachment":[{"href":"https:\/\/galeriadevideojuegos.com\/index.php\/wp-json\/wp\/v2\/media?parent=128"}],"curies":[{"name":"wp","href":"https:\/\/api.w.org\/{rel}","templated":true}]}}